{"id":1051,"date":"2025-09-10T09:54:59","date_gmt":"2025-09-10T09:54:59","guid":{"rendered":"https:\/\/likaconsult.com\/?page_id=1051"},"modified":"2025-09-16T16:11:38","modified_gmt":"2025-09-16T16:11:38","slug":"accueil","status":"publish","type":"page","link":"https:\/\/likaconsult.com\/","title":{"rendered":"Accueil"},"content":{"rendered":"<!-- ======= SPACER ======= -->\n\n<div style=\"height:20px\" aria-hidden=\"true\" class=\"wp-block-spacer\"><\/div>\n\n\n<!-- ======= HERO \/ BIENVENUE (CLAIR & PREMIUM) ======= -->\n\n<section id=\"hero\">\n  <style>\n    #hero {\n      position: relative;\n      min-height: 92vh;\n      display: flex;\n      align-items: center;\n      justify-content: center;\n      text-align: center;\n      font-family: ui-sans-serif, system-ui, -apple-system, Segoe UI, Inter, Roboto, Arial;\n      color: #1a702d;\n      overflow: hidden;\n    }\n    #hero::before {\n      content: \"\";\n      position: absolute; inset: 0;\n      background: url('https:\/\/images.pexels.com\/photos\/3184465\/pexels-photo-3184465.jpeg') center\/cover no-repeat;\n      z-index: 0; transform: scale(1.05);\n      animation: zoomIn 12s ease-in-out infinite alternate;\n    }\n    #hero::after {\n      content: \"\";\n      position: absolute; inset: 0;\n      background: linear-gradient(180deg, rgba(255,255,255,0.4), rgba(255,255,255,0.2));\n      z-index: 1;\n    }\n    #hero .overlay {\n      position: absolute; inset: 0;\n      background:\n        radial-gradient(700px 400px at 20% 30%, rgba(26,112,45,0.12), transparent 70%),\n        radial-gradient(800px 500px at 80% 10%, rgba(26,112,45,0.12), transparent 75%);\n      animation: floatBg 14s ease-in-out infinite alternate; z-index: 2; pointer-events: none;\n    }\n    #hero .content {\n      position: relative; z-index: 3;\n      max-width: 950px; padding: 40px 30px; border-radius: 20px;\n      background: rgba(255,255,255,0.7); backdrop-filter: blur(10px);\n      box-shadow: 0 8px 40px rgba(0,0,0,0.1); animation: fadeInUp 1s ease-out both;\n    }\n    #hero h1 {\n      font-size: clamp(42px, 6vw, 74px); font-weight: 900; margin-bottom: 1.2rem;\n      line-height: 1.1; color: #1a702d; text-shadow: 0 2px 6px rgba(255,255,255,0.6);\n    }\n    #hero p {\n      font-size: clamp(18px, 2vw, 22px); line-height: 1.55;\n      color: #333; margin-bottom: 2rem;\n    }\n    #hero .btns { display: flex; gap: 18px; justify-content: center; flex-wrap: wrap; }\n    #hero .btn {\n      padding: 15px 28px; border-radius: 14px; font-weight: 700; font-size: 1.05rem; text-decoration: none;\n      transition: transform 0.25s ease, box-shadow 0.25s ease;\n    }\n    #hero .btn-primary { background: #1a702d; color: #fff; box-shadow: 0 6px 24px rgba(26,112,45,0.25); }\n    #hero .btn-primary:hover { transform: translateY(-4px); box-shadow: 0 10px 34px rgba(26,112,45,0.35); }\n    #hero .btn-secondary { background: #fff; color: #1a702d; border: 1px solid #1a702d; box-shadow: 0 6px 20px rgba(0,0,0,0.05); }\n    #hero .btn-secondary:hover { background:#f9fdfb; transform: translateY(-4px); box-shadow: 0 8px 26px rgba(0,0,0,0.1); }\n\n    @keyframes fadeInUp { from {opacity: 0; transform: translateY(20px);} to {opacity:1; transform:none;} }\n    @keyframes zoomIn   { from {transform: scale(1.05);} to {transform: scale(1.1);} }\n    @keyframes floatBg  { from {transform: translateY(0);} to {transform: translateY(-30px);} }\n  <\/style>\n\n  <div class=\"overlay\"><\/div>\n  <div class=\"content\">\n    <h1>Bienvenue<\/h1>\n    <p>Nous transformons vos ambitions en trajectoires solides, avec une expertise en strat\u00e9gie et finance.<\/p>\n    <div class=\"btns\">\n      <a href=\"https:\/\/outlook.office.com\/bookwithme\/user\/9eda455e6e83422ca0a469118b0eab45@likaconsult.com\/meetingtype\/HEV95EBwdEe8fPcwGVKBmw2?anonymous&#038;ep=mlink\" class=\"btn btn-primary\">Prendre rendez-vous<\/a>\n      <a href=\"mailto:contact@likaconsult.com\" class=\"btn btn-secondary\">Contactez-nous<\/a>\n    <\/div>\n  <\/div>\n<\/section>\n\n\n\n<div style=\"height:20px\" aria-hidden=\"true\" class=\"wp-block-spacer\"><\/div>\n\n\n<!-- ======= LOGO + ACCROCHE ======= -->\n\n<div class=\"wp-block-columns has-background is-layout-flex wp-container-core-columns-is-layout-28f84493 wp-block-columns-is-layout-flex\" style=\"background-color:#fafafa\">\n  <div class=\"wp-block-column\">\n    <div class=\"wp-block-columns\">\n      <div class=\"wp-block-column\" style=\"flex-basis:66.66%\">\n        <figure class=\"wp-block-image size-large has-custom-border\">\n          <img decoding=\"async\" src=\"https:\/\/likaconsult.com\/wp-content\/uploads\/2025\/09\/logo-1024x905.png\" alt=\"Logo Lika Consult\" style=\"border-radius:17px;width:100%;height:auto\"\/>\n        <\/figure>\n      <\/div>\n      <div class=\"wp-block-column\" style=\"flex-basis:33.33%\">\n        <h2 class=\"wp-block-heading\" style=\"color:#1a702d\">B\u00e2tir votre croissance<\/h2>\n        <p>Chez <strong><span style=\"color:#1a702d\">Lika Consult<\/span><\/strong>, nous transformons vos ambitions en trajectoires solides.<br>Nous aidons les entrepreneurs \u00e0 passer du projet \u00e0 la performance en apportant ce qui fait souvent d\u00e9faut : <strong>une structuration financi\u00e8re claire, un pilotage strat\u00e9gique rigoureux<\/strong> et un accompagnement capable d\u2019ouvrir l\u2019acc\u00e8s aux financements.<br>Notre r\u00f4le : s\u00e9curiser votre activit\u00e9 aujourd\u2019hui, et construire les fondations d\u2019une croissance durable et cr\u00e9dible pour demain.<\/p>\n      <\/div>\n    <\/div>\n  <\/div>\n<\/div>\n\n\n\n<div style=\"height:20px\" aria-hidden=\"true\" class=\"wp-block-spacer\"><\/div>\n\n\n<!-- ======= S\u00c9PARATEUR ======= -->\n\n<hr class=\"wp-block-separator has-background\" style=\"background-color:#1a702d\"\/>\n\n\n<!-- ======= 3 BLOCS : APPROCHE \/ MISSION \/ CULTURE (desktop identique, mobile swipe + dots) ======= -->\n\n<section id=\"lika-3panels\">\n  <style>\n    #lika-3panels{\n      --green:#1a702d;--ink:#233029;--muted:#4a5a52;--panel:#f4f6f5;\n      --radius:22px;--shadow:0 16px 48px rgba(0,0,0,.10);\n      font-family:ui-sans-serif,system-ui,-apple-system,Inter,Segoe UI,Roboto,Arial;color:var(--ink)\n    }\n    #lika-3panels .wrap{max-width:1180px;margin:0 auto;padding:0 20px}\n    #lika-3panels .grid{display:grid;gap:22px}\n    @media (min-width:960px){#lika-3panels .grid{grid-template-columns:1fr 1.15fr 1fr}}\n\n    .card{\n      background:var(--panel);border:1px solid #e3ebe5;border-radius:var(--radius);\n      box-shadow:var(--shadow);padding:26px 22px;position:relative;\n      transition:transform .25s ease,box-shadow .25s ease; overflow:visible;\n    }\n    .card:hover{transform:translateY(-4px);box-shadow:0 20px 56px rgba(0,0,0,.14)}\n    .card.center{\n      background:var(--green);border-color:rgba(255,255,255,.18);color:#fff;text-align:center;\n      padding:34px 26px; position:relative; overflow:hidden;\n    }\n    .card.center::before{\n      content:\"\";position:absolute;inset:-35%;\n      background:radial-gradient(520px 280px at 15% 10%,rgba(255,255,255,.14),transparent 60%),\n                 radial-gradient(520px 280px at 85% 0,rgba(255,255,255,.10),transparent 65%);\n      mix-blend-mode:screen\n    }\n    .card.center::after{\n      content:\"\";position:absolute;left:-40%;top:-120px;width:70%;height:260%;\n      background:linear-gradient(130deg,transparent 35%,rgba(255,255,255,.18) 50%,transparent 65%);\n      transform:rotate(8deg);filter:blur(1px);opacity:0;transition:opacity .35s ease,transform .45s ease\n    }\n    .card.center:hover::after{opacity:.9;transform:rotate(8deg) translateX(6px)}\n\n    h3{margin:0 0 .6rem;font-weight:800;letter-spacing:-.01em;font-size:clamp(24px,3.6vw,34px);line-height:1.1;color:var(--ink)}\n    .center h3{color:#fff}\n    .u{position:relative;display:inline-block;padding-bottom:6px}\n    .u::after{content:\"\";position:absolute;left:50%;bottom:0;width:0;height:3px;border-radius:3px;background:currentColor;transform:translateX(-50%);transition:width .45s ease}\n    .card:hover .u::after{width:84%}\n\n    .list{list-style:none;margin:0;padding:0}\n    .list li{\n      display:flex;gap:12px;align-items:flex-start;margin:12px 0;color:var(--muted);\n      line-height:1.55; word-break:break-word; overflow-wrap:break-word;\n    }\n    .dot{width:8px;height:8px;border-radius:50%;background:var(--green);margin-top:9px;flex:0 0 8px;box-shadow:0 0 0 3px rgba(26,112,45,.10)}\n    .muted{color:var(--muted)}.center .muted{color:#e7ffef}\n\n    \/* Mobile only: swipe + dots *\/\n    @media (max-width:959.98px){\n      #lika-3panels .wrap{padding:0 10px}\n      #lika-3panels .grid{\n        display:flex; gap:14px; overflow-x:auto; padding:4px 6px 8px;\n        scroll-snap-type:x mandatory; -webkit-overflow-scrolling:touch;\n      }\n      #lika-3panels .grid::-webkit-scrollbar{display:none}\n      #lika-3panels .card{\n        flex:0 0 86vw; max-width:86vw; scroll-snap-align:center;\n        padding:22px 18px; border-radius:20px;\n      }\n      #lika-3panels .card.center{padding:28px 18px}\n      #lika-3panels h3{font-size:28px}\n      #lika-3panels .list li{margin:10px 0}\n      #lika-3panels .grid::before,\n      #lika-3panels .grid::after{content:\"\";flex:0 0 8px}\n\n      \/* Pagination dots *\/\n      #lika-3panels .pager{display:flex;justify-content:center;gap:8px;margin:8px 0 2px}\n      #lika-3panels .dotp{\n        width:8px;height:8px;border-radius:50%;background:#cfe4d6;transition:.2s;flex:0 0 8px\n      }\n      #lika-3panels .dotp.active{background:var(--green);transform:scale(1.15)}\n    }\n    @media (min-width:960px){#lika-3panels .pager{display:none}}\n  <\/style>\n\n  <div class=\"wrap\">\n    <div class=\"grid\" id=\"lika-cards\">\n      <!-- Approche -->\n      <article class=\"card\" aria-labelledby=\"approche-title\">\n        <h3 id=\"approche-title\"><span class=\"u\">Notre approche<\/span><\/h3>\n        <ul class=\"list\">\n          <li><span class=\"dot\"><\/span><span class=\"muted\">Un accompagnement sur mesure, adapt\u00e9 \u00e0 votre r\u00e9alit\u00e9.<\/span><\/li>\n          <li><span class=\"dot\"><\/span><span class=\"muted\">Une expertise en strat\u00e9gie et finance, ancr\u00e9e dans le terrain.<\/span><\/li>\n          <li><span class=\"dot\"><\/span><span class=\"muted\">Une double pr\u00e9sence France\u2013Afrique.<\/span><\/li>\n          <li><span class=\"dot\"><\/span><span class=\"muted\">La volont\u00e9 de transmettre pour renforcer l\u2019autonomie des dirigeants.<\/span><\/li>\n        <\/ul>\n      <\/article>\n\n      <!-- Mission (CTA retir\u00e9) -->\n      <article class=\"card center\" aria-labelledby=\"mission-title\">\n        <h3 id=\"mission-title\"><span class=\"u\">Notre mission<\/span><\/h3>\n        <p class=\"muted\">Donner aux entreprises les moyens de transformer leur vision en r\u00e9sultats concrets, en les aidant \u00e0 se structurer financi\u00e8rement, \u00e0 piloter leur performance et \u00e0 b\u00e2tir une strat\u00e9gie de croissance durable et cr\u00e9dible.<\/p>\n      <\/article>\n\n      <!-- Culture -->\n      <article class=\"card\" aria-labelledby=\"culture-title\">\n        <h3 id=\"culture-title\"><span class=\"u\">Notre culture<\/span><\/h3>\n        <ul class=\"list\">\n          <li><span class=\"dot\"><\/span><span class=\"muted\">Cr\u00e9er des \u00e9cosyst\u00e8mes o\u00f9 la rigueur financi\u00e8re et la vision strat\u00e9gique vont de pair.<\/span><\/li>\n          <li><span class=\"dot\"><\/span><span class=\"muted\">Croire que la structuration et le pilotage sont les cl\u00e9s d\u2019une r\u00e9ussite p\u00e9renne.<\/span><\/li>\n          <li><span class=\"dot\"><\/span><span class=\"muted\">Incarner une approche engag\u00e9e, exigeante et pragmatique, adapt\u00e9e aux r\u00e9alit\u00e9s des entreprises.<\/span><\/li>\n        <\/ul>\n      <\/article>\n    <\/div>\n\n    <!-- Pagination (mobile only) -->\n    <div class=\"pager\" id=\"lika-pager\" aria-hidden=\"true\">\n      <span class=\"dotp active\"><\/span>\n      <span class=\"dotp\"><\/span>\n      <span class=\"dotp\"><\/span>\n    <\/div>\n  <\/div>\n\n  <script>\n    \/\/ Pagination dots - mobile only\n    (function(){\n      const mql = window.matchMedia('(max-width: 959.98px)');\n      if(!mql.matches) return;\n      const wrap = document.getElementById('lika-cards');\n      const dots = Array.from(document.querySelectorAll('#lika-pager .dotp'));\n      if(!wrap) return;\n      const cards = Array.from(wrap.children);\n      function setActive(){\n        const w = cards[0]?.getBoundingClientRect().width || wrap.clientWidth;\n        const idx = Math.round(wrap.scrollLeft \/ w);\n        dots.forEach((d,i)=>d.classList.toggle('active', i===idx));\n      }\n      wrap.addEventListener('scroll', ()=>{ window.requestAnimationFrame(setActive); }, {passive:true});\n      dots.forEach((d,i)=>d.addEventListener('click', ()=>{\n        const card = cards[i];\n        if(card) card.scrollIntoView({behavior:'smooth', inline:'center'});\n      }));\n      setActive();\n      window.addEventListener('resize', setActive);\n    })();\n  <\/script>\n<\/section>\n\n\n<!-- ======= S\u00c9PARATEUR ======= -->\n\n<hr class=\"wp-block-separator has-background\" style=\"background-color:#1a702d\"\/>\n\n\n<!-- ======= NOTRE HISTOIRE (sans badge ni timeline, chips mis \u00e0 jour) ======= -->\n\n<section id=\"lika-story\">\n  <style>\n    #lika-story{\n      --g:#1a702d; --ink:#1b2b22; --muted:#4a5a52; --soft:#f6f8f7; --card:#fff;\n      font-family:ui-sans-serif,system-ui,-apple-system,Inter,Segoe UI,Roboto,Arial; color:var(--ink);\n      background:linear-gradient(180deg,#fafdfb, #f4f8f5); padding:38px 0;\n    }\n    #lika-story .wrap{max-width:1180px;margin:0 auto;padding:0 22px}\n    @media (min-width:960px){#lika-story .grid{display:grid;grid-template-columns:1.05fr 1.2fr;gap:28px}}\n\n    .card{background:var(--card);border:1px solid #e6eee9;border-radius:22px;box-shadow:0 12px 40px rgba(0,0,0,.08)}\n    .pad{padding:26px}\n\n    .photo-wrap{position:relative}\n    .photo{position:relative;overflow:hidden;border-radius:18px}\n    .photo img{width:100%;height:auto;display:block;object-fit:cover}\n    .photo::after{content:\"\";position:absolute;inset:0;border-radius:18px;border:1px solid rgba(255,255,255,.6);pointer-events:none}\n\n    #lika-story h2{margin:0 0 .6rem;font-size:clamp(26px,3.2vw,36px);line-height:1.15;color:var(--g);letter-spacing:-.01em}\n    #lika-story p{color:var(--muted);margin:.4rem 0 1.1rem}\n\n    .bullets{display:grid;grid-template-columns:1fr 1fr;gap:10px;margin:14px 0 18px}\n    .chip{background:#fdfefd;border:1px solid #e6eee9;border-radius:999px;padding:8px 12px;display:inline-flex;align-items:center;gap:8px}\n    .chip:before{content:\"\";width:8px;height:8px;border-radius:50%;background:var(--g);box-shadow:0 0 0 3px rgba(26,112,45,.12)}\n\n    .btn{\n      display:inline-flex;align-items:center;justify-content:center;padding:13px 20px;border-radius:14px;\n      font-weight:800;text-decoration:none;background:var(--g);color:#fff;\n      box-shadow:0 10px 28px rgba(26,112,45,.22);transition:transform .2s ease,box-shadow .2s ease\n    }\n    .btn:hover{transform:translateY(-2px);box-shadow:0 14px 36px rgba(26,112,45,.28)}\n\n    @media (max-width:959.98px){\n      .bullets{grid-template-columns:1fr}\n    }\n  <\/style>\n\n  <div class=\"wrap grid\">\n    <div class=\"card pad photo-wrap\">\n      <div class=\"photo\">\n        <img decoding=\"async\" src=\"https:\/\/likaconsult.com\/wp-content\/uploads\/2025\/09\/portrait-797x1024.jpg\" alt=\"Priscile Makosso\">\n      <\/div>\n    <\/div>\n\n    <div class=\"card pad\">\n      <h2>Notre histoire<\/h2>\n      <p>Lika Consult est n\u00e9 du parcours de sa fondatrice, Priscile Makosso, qui a pass\u00e9 pr\u00e8s de 10 ans \u00e0 accompagner des entreprises internationales en forte croissance. De cette exp\u00e9rience est n\u00e9e une conviction : les dirigeants ne devraient jamais avancer seuls. C\u2019est pourquoi nous avons r\u00e9uni une \u00e9quipe et un r\u00e9seau d\u2019experts passionn\u00e9s, anim\u00e9s par une m\u00eame ambition : transformer vos id\u00e9es en r\u00e9sultats tangibles et b\u00e2tir une croissance durable.<\/p>\n\n      <!-- CHIPS mis \u00e0 jour -->\n      <div class=\"bullets\">\n        <span class=\"chip\">Pilotage financier<\/span>\n        <span class=\"chip\">Strat\u00e9gie de croissance<\/span>\n        <span class=\"chip\">Structuration<\/span>\n        <span class=\"chip\">R\u00e9seau d\u2019experts<\/span>\n      <\/div>\n\n      <a class=\"btn\" href=\"https:\/\/likaconsult.com\/index.php\/notre-equipe\/\">Nous conna\u00eetre<\/a>\n    <\/div>\n  <\/div>\n<\/section>\n\n\n\n<div style=\"height:35px\" aria-hidden=\"true\" class=\"wp-block-spacer\"><\/div>\n\n","protected":false},"excerpt":{"rendered":"<p>Bienvenue Nous transformons vos ambitions en trajectoires solides, avec une expertise en strat\u00e9gie et finance. Prendre rendez-vous Contactez-nous B\u00e2tir votre [&hellip;]<\/p>\n","protected":false},"author":1,"featured_media":0,"parent":0,"menu_order":0,"comment_status":"closed","ping_status":"closed","template":"","meta":{"site-sidebar-layout":"default","site-content-layout":"","ast-site-content-layout":"default","site-content-style":"default","site-sidebar-style":"default","ast-global-header-display":"","ast-banner-title-visibility":"","ast-main-header-display":"","ast-hfb-above-header-display":"","ast-hfb-below-header-display":"","ast-hfb-mobile-header-display":"","site-post-title":"disabled","ast-breadcrumbs-content":"","ast-featured-img":"","footer-sml-layout":"","theme-transparent-header-meta":"","adv-header-id-meta":"","stick-header-meta":"","header-above-stick-meta":"","header-main-stick-meta":"","header-below-stick-meta":"","astra-migrate-meta-layouts":"default","ast-page-background-enabled":"default","ast-page-background-meta":{"desktop":{"background-color":"var(--ast-global-color-5)","background-image":"","background-repeat":"repeat","background-position":"center center","background-size":"auto","background-attachment":"scroll","background-type":"","background-media":"","overlay-type":"","overlay-color":"","overlay-opacity":"","overlay-gradient":""},"tablet":{"background-color":"","background-image":"","background-repeat":"repeat","background-position":"center center","background-size":"auto","background-attachment":"scroll","background-type":"","background-media":"","overlay-type":"","overlay-color":"","overlay-opacity":"","overlay-gradient":""},"mobile":{"background-color":"","background-image":"","background-repeat":"repeat","background-position":"center center","background-size":"auto","background-attachment":"scroll","background-type":"","background-media":"","overlay-type":"","overlay-color":"","overlay-opacity":"","overlay-gradient":""}},"ast-content-background-meta":{"desktop":{"background-color":"var(--ast-global-color-4)","background-image":"","background-repeat":"repeat","background-position":"center center","background-size":"auto","background-attachment":"scroll","background-type":"","background-media":"","overlay-type":"","overlay-color":"","overlay-opacity":"","overlay-gradient":""},"tablet":{"background-color":"var(--ast-global-color-4)","background-image":"","background-repeat":"repeat","background-position":"center center","background-size":"auto","background-attachment":"scroll","background-type":"","background-media":"","overlay-type":"","overlay-color":"","overlay-opacity":"","overlay-gradient":""},"mobile":{"background-color":"var(--ast-global-color-4)","background-image":"","background-repeat":"repeat","background-position":"center center","background-size":"auto","background-attachment":"scroll","background-type":"","background-media":"","overlay-type":"","overlay-color":"","overlay-opacity":"","overlay-gradient":""}},"footnotes":""},"class_list":["post-1051","page","type-page","status-publish","hentry"],"_links":{"self":[{"href":"https:\/\/likaconsult.com\/index.php\/wp-json\/wp\/v2\/pages\/1051","targetHints":{"allow":["GET"]}}],"collection":[{"href":"https:\/\/likaconsult.com\/index.php\/wp-json\/wp\/v2\/pages"}],"about":[{"href":"https:\/\/likaconsult.com\/index.php\/wp-json\/wp\/v2\/types\/page"}],"author":[{"embeddable":true,"href":"https:\/\/likaconsult.com\/index.php\/wp-json\/wp\/v2\/users\/1"}],"replies":[{"embeddable":true,"href":"https:\/\/likaconsult.com\/index.php\/wp-json\/wp\/v2\/comments?post=1051"}],"version-history":[{"count":82,"href":"https:\/\/likaconsult.com\/index.php\/wp-json\/wp\/v2\/pages\/1051\/revisions"}],"predecessor-version":[{"id":1390,"href":"https:\/\/likaconsult.com\/index.php\/wp-json\/wp\/v2\/pages\/1051\/revisions\/1390"}],"wp:attachment":[{"href":"https:\/\/likaconsult.com\/index.php\/wp-json\/wp\/v2\/media?parent=1051"}],"curies":[{"name":"wp","href":"https:\/\/api.w.org\/{rel}","templated":true}]}}